{"id":153,"date":"2019-04-17T12:40:26","date_gmt":"2019-04-17T10:40:26","guid":{"rendered":"https:\/\/finquescarrio.com\/?page_id=153"},"modified":"2019-09-16T14:55:18","modified_gmt":"2019-09-16T12:55:18","slug":"per-que","status":"publish","type":"page","link":"https:\/\/finquescarrio.com\/ca\/per-que\/","title":{"rendered":"Per qu\u00e8"},"content":{"rendered":"\n<style type=\"text\/css\" data-created_by=\"avia_inline_auto\" id=\"style-css-av-av_one_half-15d750bd1b332b34c6e70b077ebbccdf\">\n.flex_column.av-av_one_half-15d750bd1b332b34c6e70b077ebbccdf{\n-webkit-border-radius:0px 0px 0px 0px;\n-moz-border-radius:0px 0px 0px 0px;\nborder-radius:0px 0px 0px 0px;\npadding:0px 0px 0px 0px;\n}\n<\/style>\n<div  class='flex_column av-av_one_half-15d750bd1b332b34c6e70b077ebbccdf av_one_half  avia-builder-el-0  el_before_av_one_half  avia-builder-el-first  first flex_column_div av-zero-column-padding  '     ><div  class='avia-slideshow av-av_slideshow-b0cf93803d6085de6cfc8bb786091411 avia-slideshow-no scaling av_slideshow avia-fade-slider  avia-builder-el-1  avia-builder-el-no-sibling  av-slideshow-ui av-control-default av-slideshow-autoplay av-loop-endless av-loop-manual-endless av-default-height-applied avia-slideshow-1' data-slideshow-options=\"{&quot;animation&quot;:&quot;fade&quot;,&quot;autoplay&quot;:true,&quot;loop_autoplay&quot;:&quot;endless&quot;,&quot;interval&quot;:5,&quot;loop_manual&quot;:&quot;manual-endless&quot;,&quot;autoplay_stopper&quot;:false,&quot;noNavigation&quot;:false,&quot;bg_slider&quot;:false,&quot;keep_padding&quot;:false,&quot;hoverpause&quot;:false,&quot;show_slide_delay&quot;:0}\"  itemprop=\"image\" itemscope=\"itemscope\" itemtype=\"https:\/\/schema.org\/ImageObject\" ><ul class='avia-slideshow-inner ' style='padding-bottom: 66.6015625%;'><li  class='avia-slideshow-slide av-av_slideshow-b0cf93803d6085de6cfc8bb786091411__0  slide-1 slide-odd'><div data-rel='slideshow-1' class='avia-slide-wrap '   ><img decoding=\"async\" class=\"wp-image-498 avia-img-lazy-loading-not-498\"  src=\"https:\/\/finquescarrio.com\/wp-content\/uploads\/2019\/09\/finques-carrio10-1.jpg\" width=\"1024\" height=\"682\" title='finques-carrio10' alt=''  itemprop=\"thumbnailUrl\" srcset=\"https:\/\/finquescarrio.com\/wp-content\/uploads\/2019\/09\/finques-carrio10-1.jpg 1024w, https:\/\/finquescarrio.com\/wp-content\/uploads\/2019\/09\/finques-carrio10-1-300x200.jpg 300w, https:\/\/finquescarrio.com\/wp-content\/uploads\/2019\/09\/finques-carrio10-1-768x512.jpg 768w, https:\/\/finquescarrio.com\/wp-content\/uploads\/2019\/09\/finques-carrio10-1-705x470.jpg 705w, https:\/\/finquescarrio.com\/wp-content\/uploads\/2019\/09\/finques-carrio10-1-450x300.jpg 450w\" sizes=\"(max-width: 1024px) 100vw, 1024px\" \/><\/div><\/li><li  class='avia-slideshow-slide av-av_slideshow-b0cf93803d6085de6cfc8bb786091411__1  slide-2 slide-even'><div data-rel='slideshow-1' class='avia-slide-wrap '   ><img decoding=\"async\" class=\"wp-image-506 avia-img-lazy-loading-not-506\"  src=\"https:\/\/finquescarrio.com\/wp-content\/uploads\/2019\/09\/finques-carrio11.jpg\" width=\"1024\" height=\"682\" title='finques-carrio11' alt=''  itemprop=\"thumbnailUrl\" srcset=\"https:\/\/finquescarrio.com\/wp-content\/uploads\/2019\/09\/finques-carrio11.jpg 1024w, https:\/\/finquescarrio.com\/wp-content\/uploads\/2019\/09\/finques-carrio11-300x200.jpg 300w, https:\/\/finquescarrio.com\/wp-content\/uploads\/2019\/09\/finques-carrio11-768x512.jpg 768w, https:\/\/finquescarrio.com\/wp-content\/uploads\/2019\/09\/finques-carrio11-705x470.jpg 705w, https:\/\/finquescarrio.com\/wp-content\/uploads\/2019\/09\/finques-carrio11-450x300.jpg 450w\" sizes=\"(max-width: 1024px) 100vw, 1024px\" \/><\/div><\/li><\/ul><div class='avia-slideshow-arrows avia-slideshow-controls' ><a href='#prev' class='prev-slide ' aria-hidden='true' data-av_icon='\ue87c' data-av_iconfont='entypo-fontello'  tabindex='-1'>Anterior<\/a><a href='#next' class='next-slide ' aria-hidden='true' data-av_icon='\ue87d' data-av_iconfont='entypo-fontello'  tabindex='-1'>Seg\u00fcent<\/a><\/div><div class='avia-slideshow-dots avia-slideshow-controls'><a href='#1' class='goto-slide active' >1<\/a><a href='#2' class='goto-slide ' >2<\/a><\/div><\/div><\/div>\n<style type=\"text\/css\" data-created_by=\"avia_inline_auto\" id=\"style-css-av-av_one_half-c8fc129dc35fd1ae2a1e410224d39ea8\">\n.flex_column.av-av_one_half-c8fc129dc35fd1ae2a1e410224d39ea8{\n-webkit-border-radius:0px 0px 0px 0px;\n-moz-border-radius:0px 0px 0px 0px;\nborder-radius:0px 0px 0px 0px;\npadding:0px 0px 0px 0px;\n}\n<\/style>\n<div  class='flex_column av-av_one_half-c8fc129dc35fd1ae2a1e410224d39ea8 av_one_half  avia-builder-el-2  el_after_av_one_half  avia-builder-el-last  flex_column_div av-zero-column-padding  '     ><p>\n<style type=\"text\/css\" data-created_by=\"avia_inline_auto\" id=\"style-css-av-av_heading-0b18835b13fafb17102f27e0c278f764\">\n#top .av-special-heading.av-av_heading-0b18835b13fafb17102f27e0c278f764{\npadding-bottom:10px;\n}\nbody .av-special-heading.av-av_heading-0b18835b13fafb17102f27e0c278f764 .av-special-heading-tag .heading-char{\nfont-size:25px;\n}\n.av-special-heading.av-av_heading-0b18835b13fafb17102f27e0c278f764 .av-subheading{\nfont-size:15px;\n}\n<\/style>\n<div  class='av-special-heading av-av_heading-0b18835b13fafb17102f27e0c278f764 av-special-heading-h1  avia-builder-el-3  el_before_av_hr  avia-builder-el-first '><h1 class='av-special-heading-tag'  itemprop=\"headline\"  >PER QU\u00c8 confiar en nosaltres<\/h1><div class=\"special-heading-border\"><div class=\"special-heading-inner-border\"><\/div><\/div><\/div><br \/>\n\n<style type=\"text\/css\" data-created_by=\"avia_inline_auto\" id=\"style-css-av-av_hr-5ea7596238ed9f191e6b5e662093052f\">\n#top .hr.hr-invisible.av-av_hr-5ea7596238ed9f191e6b5e662093052f{\nheight:30px;\n}\n<\/style>\n<div  class='hr av-av_hr-5ea7596238ed9f191e6b5e662093052f hr-invisible  avia-builder-el-4  el_after_av_heading  el_before_av_textblock '><span class='hr-inner '><span class=\"hr-inner-style\"><\/span><\/span><\/div><br \/>\n<section  class='av_textblock_section av-av_textblock-2de302bf1aa3cf4c9157dbe6f50ac7eb '   itemscope=\"itemscope\" itemtype=\"https:\/\/schema.org\/CreativeWork\" ><div class='avia_textblock'  itemprop=\"text\" ><p>La passi\u00f3 per la feina de qualitat<\/p>\n<p>Els anys de viv\u00e8ncies que avalen una petita gran empresa familiar<\/p>\n<p>El saber escoltar i entendre al client per trobar solucions i beneficis<\/p>\n<p>L&#8217;agilitat i mediaci\u00f3 com a valors de confian\u00e7a i futur<\/p>\n<\/div><\/section><br \/>\n\n<style type=\"text\/css\" data-created_by=\"avia_inline_auto\" id=\"style-css-av-av_hr-5ea7596238ed9f191e6b5e662093052f\">\n#top .hr.hr-invisible.av-av_hr-5ea7596238ed9f191e6b5e662093052f{\nheight:30px;\n}\n<\/style>\n<div  class='hr av-av_hr-5ea7596238ed9f191e6b5e662093052f hr-invisible  avia-builder-el-6  el_after_av_textblock  el_before_av_button '><span class='hr-inner '><span class=\"hr-inner-style\"><\/span><\/span><\/div><br \/>\n<div  class='avia-button-wrap av-av_button-06efe4190189401999d5393e6b8c4f9b-wrap avia-button-center  avia-builder-el-7  el_after_av_hr  avia-builder-el-last '><a href='https:\/\/finquescarrio.com\/ca\/contacte\/'  class='avia-button av-av_button-06efe4190189401999d5393e6b8c4f9b avia-icon_select-no avia-size-large avia-position-center avia-color-theme-color'  ><span class='avia_iconbox_title' >Contactar<\/span><\/a><\/div><\/p><\/div><\/p>\n","protected":false},"excerpt":{"rendered":"","protected":false},"author":1,"featured_media":0,"parent":0,"menu_order":400,"comment_status":"closed","ping_status":"closed","template":"","meta":[],"yoast_head":"<!-- This site is optimized with the Yoast SEO plugin v20.9 - https:\/\/yoast.com\/wordpress\/plugins\/seo\/ -->\n<title>Per qu\u00e8 - Finques Carri\u00f3<\/title>\n<meta name=\"description\" content=\"PER QU\u00c8 confiar en nosaltres La passi\u00f3 per la feina de qualitat Els anys de viv\u00e8ncies que avalen una petita gran empresa familiar\" \/>\n<meta name=\"robots\" content=\"index, follow, max-snippet:-1, max-image-preview:large, max-video-preview:-1\" \/>\n<link rel=\"canonical\" href=\"https:\/\/finquescarrio.com\/ca\/per-que\/\" \/>\n<meta property=\"og:locale\" content=\"ca_ES\" \/>\n<meta property=\"og:type\" content=\"article\" \/>\n<meta property=\"og:title\" content=\"Per qu\u00e8 - Finques Carri\u00f3\" \/>\n<meta property=\"og:description\" content=\"PER QU\u00c8 confiar en nosaltres La passi\u00f3 per la feina de qualitat Els anys de viv\u00e8ncies que avalen una petita gran empresa familiar\" \/>\n<meta property=\"og:url\" content=\"https:\/\/finquescarrio.com\/ca\/per-que\/\" \/>\n<meta property=\"og:site_name\" content=\"Finques Carri\u00f3\" \/>\n<meta property=\"article:publisher\" content=\"https:\/\/www.facebook.com\/finquescarrio.finquescarrio\" \/>\n<meta property=\"article:modified_time\" content=\"2019-09-16T12:55:18+00:00\" \/>\n<meta name=\"twitter:label1\" content=\"Temps estimat de lectura\" \/>\n\t<meta name=\"twitter:data1\" content=\"2 minuts\" \/>\n<script type=\"application\/ld+json\" class=\"yoast-schema-graph\">{\"@context\":\"https:\/\/schema.org\",\"@graph\":[{\"@type\":\"WebPage\",\"@id\":\"https:\/\/finquescarrio.com\/ca\/per-que\/\",\"url\":\"https:\/\/finquescarrio.com\/ca\/per-que\/\",\"name\":\"Per qu\u00e8 - Finques Carri\u00f3\",\"isPartOf\":{\"@id\":\"https:\/\/finquescarrio.com\/#website\"},\"datePublished\":\"2019-04-17T10:40:26+00:00\",\"dateModified\":\"2019-09-16T12:55:18+00:00\",\"description\":\"PER QU\u00c8 confiar en nosaltres La passi\u00f3 per la feina de qualitat Els anys de viv\u00e8ncies que avalen una petita gran empresa familiar\",\"breadcrumb\":{\"@id\":\"https:\/\/finquescarrio.com\/ca\/per-que\/#breadcrumb\"},\"inLanguage\":\"ca\",\"potentialAction\":[{\"@type\":\"ReadAction\",\"target\":[\"https:\/\/finquescarrio.com\/ca\/per-que\/\"]}]},{\"@type\":\"BreadcrumbList\",\"@id\":\"https:\/\/finquescarrio.com\/ca\/per-que\/#breadcrumb\",\"itemListElement\":[{\"@type\":\"ListItem\",\"position\":1,\"name\":\"Portada\",\"item\":\"https:\/\/finquescarrio.com\/ca\/\"},{\"@type\":\"ListItem\",\"position\":2,\"name\":\"Per qu\u00e8\"}]},{\"@type\":\"WebSite\",\"@id\":\"https:\/\/finquescarrio.com\/#website\",\"url\":\"https:\/\/finquescarrio.com\/\",\"name\":\"Finques Carri\u00f3\",\"description\":\"Finques Carri\u00f3\",\"potentialAction\":[{\"@type\":\"SearchAction\",\"target\":{\"@type\":\"EntryPoint\",\"urlTemplate\":\"https:\/\/finquescarrio.com\/?s={search_term_string}\"},\"query-input\":\"required name=search_term_string\"}],\"inLanguage\":\"ca\"}]}<\/script>\n<!-- \/ Yoast SEO plugin. -->","yoast_head_json":{"title":"Per qu\u00e8 - Finques Carri\u00f3","description":"PER QU\u00c8 confiar en nosaltres La passi\u00f3 per la feina de qualitat Els anys de viv\u00e8ncies que avalen una petita gran empresa familiar","robots":{"index":"index","follow":"follow","max-snippet":"max-snippet:-1","max-image-preview":"max-image-preview:large","max-video-preview":"max-video-preview:-1"},"canonical":"https:\/\/finquescarrio.com\/ca\/per-que\/","og_locale":"ca_ES","og_type":"article","og_title":"Per qu\u00e8 - Finques Carri\u00f3","og_description":"PER QU\u00c8 confiar en nosaltres La passi\u00f3 per la feina de qualitat Els anys de viv\u00e8ncies que avalen una petita gran empresa familiar","og_url":"https:\/\/finquescarrio.com\/ca\/per-que\/","og_site_name":"Finques Carri\u00f3","article_publisher":"https:\/\/www.facebook.com\/finquescarrio.finquescarrio","article_modified_time":"2019-09-16T12:55:18+00:00","twitter_misc":{"Temps estimat de lectura":"2 minuts"},"schema":{"@context":"https:\/\/schema.org","@graph":[{"@type":"WebPage","@id":"https:\/\/finquescarrio.com\/ca\/per-que\/","url":"https:\/\/finquescarrio.com\/ca\/per-que\/","name":"Per qu\u00e8 - Finques Carri\u00f3","isPartOf":{"@id":"https:\/\/finquescarrio.com\/#website"},"datePublished":"2019-04-17T10:40:26+00:00","dateModified":"2019-09-16T12:55:18+00:00","description":"PER QU\u00c8 confiar en nosaltres La passi\u00f3 per la feina de qualitat Els anys de viv\u00e8ncies que avalen una petita gran empresa familiar","breadcrumb":{"@id":"https:\/\/finquescarrio.com\/ca\/per-que\/#breadcrumb"},"inLanguage":"ca","potentialAction":[{"@type":"ReadAction","target":["https:\/\/finquescarrio.com\/ca\/per-que\/"]}]},{"@type":"BreadcrumbList","@id":"https:\/\/finquescarrio.com\/ca\/per-que\/#breadcrumb","itemListElement":[{"@type":"ListItem","position":1,"name":"Portada","item":"https:\/\/finquescarrio.com\/ca\/"},{"@type":"ListItem","position":2,"name":"Per qu\u00e8"}]},{"@type":"WebSite","@id":"https:\/\/finquescarrio.com\/#website","url":"https:\/\/finquescarrio.com\/","name":"Finques Carri\u00f3","description":"Finques Carri\u00f3","potentialAction":[{"@type":"SearchAction","target":{"@type":"EntryPoint","urlTemplate":"https:\/\/finquescarrio.com\/?s={search_term_string}"},"query-input":"required name=search_term_string"}],"inLanguage":"ca"}]}},"_links":{"self":[{"href":"https:\/\/finquescarrio.com\/ca\/wp-json\/wp\/v2\/pages\/153"}],"collection":[{"href":"https:\/\/finquescarrio.com\/ca\/wp-json\/wp\/v2\/pages"}],"about":[{"href":"https:\/\/finquescarrio.com\/ca\/wp-json\/wp\/v2\/types\/page"}],"author":[{"embeddable":true,"href":"https:\/\/finquescarrio.com\/ca\/wp-json\/wp\/v2\/users\/1"}],"replies":[{"embeddable":true,"href":"https:\/\/finquescarrio.com\/ca\/wp-json\/wp\/v2\/comments?post=153"}],"version-history":[{"count":8,"href":"https:\/\/finquescarrio.com\/ca\/wp-json\/wp\/v2\/pages\/153\/revisions"}],"predecessor-version":[{"id":504,"href":"https:\/\/finquescarrio.com\/ca\/wp-json\/wp\/v2\/pages\/153\/revisions\/504"}],"wp:attachment":[{"href":"https:\/\/finquescarrio.com\/ca\/wp-json\/wp\/v2\/media?parent=153"}],"curies":[{"name":"wp","href":"https:\/\/api.w.org\/{rel}","templated":true}]}}