{"id":150,"date":"2019-04-17T12:40:20","date_gmt":"2019-04-17T10:40:20","guid":{"rendered":"https:\/\/finquescarrio.com\/?page_id=150"},"modified":"2019-09-16T15:01:52","modified_gmt":"2019-09-16T13:01:52","slug":"com","status":"publish","type":"page","link":"https:\/\/finquescarrio.com\/ca\/com\/","title":{"rendered":"Com"},"content":{"rendered":"\n<style type=\"text\/css\" data-created_by=\"avia_inline_auto\" id=\"style-css-av-av_one_half-15d750bd1b332b34c6e70b077ebbccdf\">\n.flex_column.av-av_one_half-15d750bd1b332b34c6e70b077ebbccdf{\n-webkit-border-radius:0px 0px 0px 0px;\n-moz-border-radius:0px 0px 0px 0px;\nborder-radius:0px 0px 0px 0px;\npadding:0px 0px 0px 0px;\n}\n<\/style>\n<div  class='flex_column av-av_one_half-15d750bd1b332b34c6e70b077ebbccdf av_one_half  avia-builder-el-0  el_before_av_one_half  avia-builder-el-first  first flex_column_div av-zero-column-padding  '     ><div  class='avia-slideshow av-av_slideshow-b0cf93803d6085de6cfc8bb786091411 avia-slideshow-no scaling av_slideshow avia-fade-slider  avia-builder-el-1  avia-builder-el-no-sibling  av-slideshow-ui av-control-default av-slideshow-autoplay av-loop-endless av-loop-manual-endless av-default-height-applied avia-slideshow-1' data-slideshow-options=\"{&quot;animation&quot;:&quot;fade&quot;,&quot;autoplay&quot;:true,&quot;loop_autoplay&quot;:&quot;endless&quot;,&quot;interval&quot;:5,&quot;loop_manual&quot;:&quot;manual-endless&quot;,&quot;autoplay_stopper&quot;:false,&quot;noNavigation&quot;:false,&quot;bg_slider&quot;:false,&quot;keep_padding&quot;:false,&quot;hoverpause&quot;:false,&quot;show_slide_delay&quot;:0}\"  itemprop=\"image\" itemscope=\"itemscope\" itemtype=\"https:\/\/schema.org\/ImageObject\" ><ul class='avia-slideshow-inner ' style='padding-bottom: 66.6015625%;'><li  class='avia-slideshow-slide av-av_slideshow-b0cf93803d6085de6cfc8bb786091411__0  slide-1 slide-odd'><div data-rel='slideshow-1' class='avia-slide-wrap '   ><img decoding=\"async\" class=\"wp-image-532 avia-img-lazy-loading-not-532\"  src=\"https:\/\/finquescarrio.com\/wp-content\/uploads\/2019\/09\/finques-carrio07.jpg\" width=\"1024\" height=\"682\" title='finques-carrio07' alt=''  itemprop=\"thumbnailUrl\" srcset=\"https:\/\/finquescarrio.com\/wp-content\/uploads\/2019\/09\/finques-carrio07.jpg 1024w, https:\/\/finquescarrio.com\/wp-content\/uploads\/2019\/09\/finques-carrio07-300x200.jpg 300w, https:\/\/finquescarrio.com\/wp-content\/uploads\/2019\/09\/finques-carrio07-768x512.jpg 768w, https:\/\/finquescarrio.com\/wp-content\/uploads\/2019\/09\/finques-carrio07-705x470.jpg 705w, https:\/\/finquescarrio.com\/wp-content\/uploads\/2019\/09\/finques-carrio07-450x300.jpg 450w\" sizes=\"(max-width: 1024px) 100vw, 1024px\" \/><\/div><\/li><li  class='avia-slideshow-slide av-av_slideshow-b0cf93803d6085de6cfc8bb786091411__1  slide-2 slide-even'><div data-rel='slideshow-1' class='avia-slide-wrap '   ><img decoding=\"async\" class=\"wp-image-535 avia-img-lazy-loading-not-535\"  src=\"https:\/\/finquescarrio.com\/wp-content\/uploads\/2019\/09\/finques-carrio08-2.jpg\" width=\"1024\" height=\"682\" title='finques-carrio08' alt=''  itemprop=\"thumbnailUrl\" srcset=\"https:\/\/finquescarrio.com\/wp-content\/uploads\/2019\/09\/finques-carrio08-2.jpg 1024w, https:\/\/finquescarrio.com\/wp-content\/uploads\/2019\/09\/finques-carrio08-2-300x200.jpg 300w, https:\/\/finquescarrio.com\/wp-content\/uploads\/2019\/09\/finques-carrio08-2-768x512.jpg 768w, https:\/\/finquescarrio.com\/wp-content\/uploads\/2019\/09\/finques-carrio08-2-705x470.jpg 705w, https:\/\/finquescarrio.com\/wp-content\/uploads\/2019\/09\/finques-carrio08-2-450x300.jpg 450w\" sizes=\"(max-width: 1024px) 100vw, 1024px\" \/><\/div><\/li><\/ul><div class='avia-slideshow-arrows avia-slideshow-controls' ><a href='#prev' class='prev-slide ' aria-hidden='true' data-av_icon='\ue87c' data-av_iconfont='entypo-fontello'  tabindex='-1'>Anterior<\/a><a href='#next' class='next-slide ' aria-hidden='true' data-av_icon='\ue87d' data-av_iconfont='entypo-fontello'  tabindex='-1'>Seg\u00fcent<\/a><\/div><div class='avia-slideshow-dots avia-slideshow-controls'><a href='#1' class='goto-slide active' >1<\/a><a href='#2' class='goto-slide ' >2<\/a><\/div><\/div><\/div>\n<style type=\"text\/css\" data-created_by=\"avia_inline_auto\" id=\"style-css-av-av_one_half-c8fc129dc35fd1ae2a1e410224d39ea8\">\n.flex_column.av-av_one_half-c8fc129dc35fd1ae2a1e410224d39ea8{\n-webkit-border-radius:0px 0px 0px 0px;\n-moz-border-radius:0px 0px 0px 0px;\nborder-radius:0px 0px 0px 0px;\npadding:0px 0px 0px 0px;\n}\n<\/style>\n<div  class='flex_column av-av_one_half-c8fc129dc35fd1ae2a1e410224d39ea8 av_one_half  avia-builder-el-2  el_after_av_one_half  avia-builder-el-last  flex_column_div av-zero-column-padding  '     ><p>\n<style type=\"text\/css\" data-created_by=\"avia_inline_auto\" id=\"style-css-av-av_heading-053b417117efa3a1a67692599d8609a8\">\n#top .av-special-heading.av-av_heading-053b417117efa3a1a67692599d8609a8{\npadding-bottom:10px;\n}\nbody .av-special-heading.av-av_heading-053b417117efa3a1a67692599d8609a8 .av-special-heading-tag .heading-char{\nfont-size:25px;\n}\n.av-special-heading.av-av_heading-053b417117efa3a1a67692599d8609a8 .av-subheading{\nfont-size:15px;\n}\n<\/style>\n<div  class='av-special-heading av-av_heading-053b417117efa3a1a67692599d8609a8 av-special-heading-h1  avia-builder-el-3  el_before_av_hr  avia-builder-el-first '><h1 class='av-special-heading-tag'  itemprop=\"headline\"  >COM treballem<\/h1><div class=\"special-heading-border\"><div class=\"special-heading-inner-border\"><\/div><\/div><\/div><br \/>\n\n<style type=\"text\/css\" data-created_by=\"avia_inline_auto\" id=\"style-css-av-av_hr-5ea7596238ed9f191e6b5e662093052f\">\n#top .hr.hr-invisible.av-av_hr-5ea7596238ed9f191e6b5e662093052f{\nheight:30px;\n}\n<\/style>\n<div  class='hr av-av_hr-5ea7596238ed9f191e6b5e662093052f hr-invisible  avia-builder-el-4  el_after_av_heading  el_before_av_textblock '><span class='hr-inner '><span class=\"hr-inner-style\"><\/span><\/span><\/div><br \/>\n<section  class='av_textblock_section av-av_textblock-2de302bf1aa3cf4c9157dbe6f50ac7eb '   itemscope=\"itemscope\" itemtype=\"https:\/\/schema.org\/CreativeWork\" ><div class='avia_textblock'  itemprop=\"text\" ><p>Solucions i resultats compromesos amb les necessitats del client<\/p>\n<p>M\u00e8tode contrastat, pr\u00e0ctic i personalitzat<\/p>\n<p>Comunicaci\u00f3 clara i constructiva<\/p>\n<p>Adaptaci\u00f3 als canvis i exig\u00e8ncies<\/p>\n<\/div><\/section><br \/>\n\n<style type=\"text\/css\" data-created_by=\"avia_inline_auto\" id=\"style-css-av-av_hr-5ea7596238ed9f191e6b5e662093052f\">\n#top .hr.hr-invisible.av-av_hr-5ea7596238ed9f191e6b5e662093052f{\nheight:30px;\n}\n<\/style>\n<div  class='hr av-av_hr-5ea7596238ed9f191e6b5e662093052f hr-invisible  avia-builder-el-6  el_after_av_textblock  el_before_av_button '><span class='hr-inner '><span class=\"hr-inner-style\"><\/span><\/span><\/div><br \/>\n<div  class='avia-button-wrap av-av_button-1be876fc9fcca0db77f8f0da8bbe870b-wrap avia-button-center  avia-builder-el-7  el_after_av_hr  avia-builder-el-last '><a href='https:\/\/finquescarrio.com\/ca\/a-qui\/'  class='avia-button av-av_button-1be876fc9fcca0db77f8f0da8bbe870b avia-icon_select-no avia-size-large avia-position-center avia-color-theme-color'  ><span class='avia_iconbox_title' >A QUI ens dirigim<\/span><\/a><\/div><\/p><\/div><\/p>\n","protected":false},"excerpt":{"rendered":"","protected":false},"author":1,"featured_media":0,"parent":0,"menu_order":200,"comment_status":"closed","ping_status":"closed","template":"","meta":[],"yoast_head":"<!-- This site is optimized with the Yoast SEO plugin v20.9 - https:\/\/yoast.com\/wordpress\/plugins\/seo\/ -->\n<title>Com - Finques Carri\u00f3<\/title>\n<meta name=\"description\" content=\"COM treballem Solucions i resultats compromesos amb les necessitats del client M\u00e8tode contrastat, pr\u00e0ctic i personalitzat\" \/>\n<meta name=\"robots\" content=\"index, follow, max-snippet:-1, max-image-preview:large, max-video-preview:-1\" \/>\n<link rel=\"canonical\" href=\"https:\/\/finquescarrio.com\/ca\/com\/\" \/>\n<meta property=\"og:locale\" content=\"ca_ES\" \/>\n<meta property=\"og:type\" content=\"article\" \/>\n<meta property=\"og:title\" content=\"Com - Finques Carri\u00f3\" \/>\n<meta property=\"og:description\" content=\"COM treballem Solucions i resultats compromesos amb les necessitats del client M\u00e8tode contrastat, pr\u00e0ctic i personalitzat\" \/>\n<meta property=\"og:url\" content=\"https:\/\/finquescarrio.com\/ca\/com\/\" \/>\n<meta property=\"og:site_name\" content=\"Finques Carri\u00f3\" \/>\n<meta property=\"article:publisher\" content=\"https:\/\/www.facebook.com\/finquescarrio.finquescarrio\" \/>\n<meta property=\"article:modified_time\" content=\"2019-09-16T13:01:52+00:00\" \/>\n<meta name=\"twitter:label1\" content=\"Temps estimat de lectura\" \/>\n\t<meta name=\"twitter:data1\" content=\"2 minuts\" \/>\n<script type=\"application\/ld+json\" class=\"yoast-schema-graph\">{\"@context\":\"https:\/\/schema.org\",\"@graph\":[{\"@type\":\"WebPage\",\"@id\":\"https:\/\/finquescarrio.com\/ca\/com\/\",\"url\":\"https:\/\/finquescarrio.com\/ca\/com\/\",\"name\":\"Com - Finques Carri\u00f3\",\"isPartOf\":{\"@id\":\"https:\/\/finquescarrio.com\/#website\"},\"datePublished\":\"2019-04-17T10:40:20+00:00\",\"dateModified\":\"2019-09-16T13:01:52+00:00\",\"description\":\"COM treballem Solucions i resultats compromesos amb les necessitats del client M\u00e8tode contrastat, pr\u00e0ctic i personalitzat\",\"breadcrumb\":{\"@id\":\"https:\/\/finquescarrio.com\/ca\/com\/#breadcrumb\"},\"inLanguage\":\"ca\",\"potentialAction\":[{\"@type\":\"ReadAction\",\"target\":[\"https:\/\/finquescarrio.com\/ca\/com\/\"]}]},{\"@type\":\"BreadcrumbList\",\"@id\":\"https:\/\/finquescarrio.com\/ca\/com\/#breadcrumb\",\"itemListElement\":[{\"@type\":\"ListItem\",\"position\":1,\"name\":\"Portada\",\"item\":\"https:\/\/finquescarrio.com\/ca\/\"},{\"@type\":\"ListItem\",\"position\":2,\"name\":\"Com\"}]},{\"@type\":\"WebSite\",\"@id\":\"https:\/\/finquescarrio.com\/#website\",\"url\":\"https:\/\/finquescarrio.com\/\",\"name\":\"Finques Carri\u00f3\",\"description\":\"Finques Carri\u00f3\",\"potentialAction\":[{\"@type\":\"SearchAction\",\"target\":{\"@type\":\"EntryPoint\",\"urlTemplate\":\"https:\/\/finquescarrio.com\/?s={search_term_string}\"},\"query-input\":\"required name=search_term_string\"}],\"inLanguage\":\"ca\"}]}<\/script>\n<!-- \/ Yoast SEO plugin. -->","yoast_head_json":{"title":"Com - Finques Carri\u00f3","description":"COM treballem Solucions i resultats compromesos amb les necessitats del client M\u00e8tode contrastat, pr\u00e0ctic i personalitzat","robots":{"index":"index","follow":"follow","max-snippet":"max-snippet:-1","max-image-preview":"max-image-preview:large","max-video-preview":"max-video-preview:-1"},"canonical":"https:\/\/finquescarrio.com\/ca\/com\/","og_locale":"ca_ES","og_type":"article","og_title":"Com - Finques Carri\u00f3","og_description":"COM treballem Solucions i resultats compromesos amb les necessitats del client M\u00e8tode contrastat, pr\u00e0ctic i personalitzat","og_url":"https:\/\/finquescarrio.com\/ca\/com\/","og_site_name":"Finques Carri\u00f3","article_publisher":"https:\/\/www.facebook.com\/finquescarrio.finquescarrio","article_modified_time":"2019-09-16T13:01:52+00:00","twitter_misc":{"Temps estimat de lectura":"2 minuts"},"schema":{"@context":"https:\/\/schema.org","@graph":[{"@type":"WebPage","@id":"https:\/\/finquescarrio.com\/ca\/com\/","url":"https:\/\/finquescarrio.com\/ca\/com\/","name":"Com - Finques Carri\u00f3","isPartOf":{"@id":"https:\/\/finquescarrio.com\/#website"},"datePublished":"2019-04-17T10:40:20+00:00","dateModified":"2019-09-16T13:01:52+00:00","description":"COM treballem Solucions i resultats compromesos amb les necessitats del client M\u00e8tode contrastat, pr\u00e0ctic i personalitzat","breadcrumb":{"@id":"https:\/\/finquescarrio.com\/ca\/com\/#breadcrumb"},"inLanguage":"ca","potentialAction":[{"@type":"ReadAction","target":["https:\/\/finquescarrio.com\/ca\/com\/"]}]},{"@type":"BreadcrumbList","@id":"https:\/\/finquescarrio.com\/ca\/com\/#breadcrumb","itemListElement":[{"@type":"ListItem","position":1,"name":"Portada","item":"https:\/\/finquescarrio.com\/ca\/"},{"@type":"ListItem","position":2,"name":"Com"}]},{"@type":"WebSite","@id":"https:\/\/finquescarrio.com\/#website","url":"https:\/\/finquescarrio.com\/","name":"Finques Carri\u00f3","description":"Finques Carri\u00f3","potentialAction":[{"@type":"SearchAction","target":{"@type":"EntryPoint","urlTemplate":"https:\/\/finquescarrio.com\/?s={search_term_string}"},"query-input":"required name=search_term_string"}],"inLanguage":"ca"}]}},"_links":{"self":[{"href":"https:\/\/finquescarrio.com\/ca\/wp-json\/wp\/v2\/pages\/150"}],"collection":[{"href":"https:\/\/finquescarrio.com\/ca\/wp-json\/wp\/v2\/pages"}],"about":[{"href":"https:\/\/finquescarrio.com\/ca\/wp-json\/wp\/v2\/types\/page"}],"author":[{"embeddable":true,"href":"https:\/\/finquescarrio.com\/ca\/wp-json\/wp\/v2\/users\/1"}],"replies":[{"embeddable":true,"href":"https:\/\/finquescarrio.com\/ca\/wp-json\/wp\/v2\/comments?post=150"}],"version-history":[{"count":6,"href":"https:\/\/finquescarrio.com\/ca\/wp-json\/wp\/v2\/pages\/150\/revisions"}],"predecessor-version":[{"id":541,"href":"https:\/\/finquescarrio.com\/ca\/wp-json\/wp\/v2\/pages\/150\/revisions\/541"}],"wp:attachment":[{"href":"https:\/\/finquescarrio.com\/ca\/wp-json\/wp\/v2\/media?parent=150"}],"curies":[{"name":"wp","href":"https:\/\/api.w.org\/{rel}","templated":true}]}}